{"id":528,"date":"2019-08-05T11:02:39","date_gmt":"2019-08-05T09:02:39","guid":{"rendered":"https:\/\/suomi.luma.fi\/sv\/?page_id=528"},"modified":"2019-08-05T11:16:17","modified_gmt":"2019-08-05T09:16:17","slug":"innokas-inspiration-och-innovationer","status":"publish","type":"page","link":"https:\/\/suomi.luma.fi\/sv\/projekt\/innokas-inspiration-och-innovationer\/","title":{"rendered":"Innokas \u2013 Inspiration och innovationer"},"content":{"rendered":"<h5>Introduktion<\/h5>\n<p>Innokas-n\u00e4tverket handleder och inspirerar elever, l\u00e4rare, skolans akt\u00f6rer och samarbetsparter till kreativitet och innovation genom m\u00e5ngsidigt utnyttjande av teknik. Vi uppmuntrar barn och vuxna att tillsammans komma med id\u00e9er till och skapa nya s\u00e4tt att utnyttja teknik i skolans vardag. M\u00e5let med n\u00e4tverkets verksamhet \u00e4r att l\u00e4ra sig f\u00f6rst\u00e5 teknik, anv\u00e4nda teknik, l\u00e4ra sig genom teknik och hitta p\u00e5 nya saker med hj\u00e4lp av tekniken. Teknik utnyttjas som ett redskap f\u00f6r kunskapsbyggande, kommunikation, att uttrycka sig sj\u00e4lv, p\u00e5hittighet och innovation. Ett av verksamhetens utvecklingsm\u00e5l har fr\u00e5n b\u00f6rjan varit robotik och programmering.<\/p>\n<p>Inom ramen f\u00f6r LUMA Finland -utvecklingsprogrammet som finansieras av Undervisning- och kulturministeriet utvecklar och sprider Innokas-n\u00e4tverket kunskaper om programmering och robotik. S\u00e4rskild uppm\u00e4rksamhet f\u00e4sts vid att utveckla m\u00e5ngsidiga kunskaper i programmering och robotik som st\u00f6d f\u00f6r inl\u00e4rningen av 2000-talets f\u00e4rdigheter. I programmeringen och byggandet av robotar handleds och uppmuntras eleverna till skapande planeringsprocesser, inl\u00e4rning av tankef\u00f6rm\u00e5ga, teamarbete och beh\u00e4rskning av matematisk-naturvetenskapliga \u00e4mnen samt \u00e4mnes\u00f6vergripande arbete. Man f\u00f6r diskussioner med eleverna om var robotik anv\u00e4nds i dagens samh\u00e4lle, hur den p\u00e5verkar m\u00e4nniskans liv samt hur den kan utnyttjas i framtiden. B\u00e5de flickor och pojkar handleds j\u00e4mlikt och med hj\u00e4lp av m\u00e5ngsidiga arbetss\u00e4tt och uppgiftstilldelningar i inl\u00e4rningen av 2000-talets f\u00e4rdigheter och de inspireras att planera och hitta p\u00e5 nya innovationer i anknytning till robotik.<\/p>\n<p>Innokas-n\u00e4tverket besitter m\u00e5ngsidig, praktisk kompetens om programmerings- och robotikundervisning i l\u00e5g- och h\u00f6gstadiet, b\u00e5de \u00e4mnesspecifikt och \u00e4mnes\u00f6vergripande samt i klubbverksamhet (6\u201316-\u00e5ringar). Instrument och program i anknytning till programmering och robotik testas i n\u00e4tverkets skolor och gemensamt utvecklade s\u00e4tt att undervisa programmering och robotik sprids med beaktande av elevernas och l\u00e4rarnas \u00e5ldersniv\u00e5, utg\u00e5ngsl\u00e4ge och m\u00e5l.<\/p>\n<h5>Texter om projektet<\/h5>\n<p><a href=\"http:\/\/suomi.luma.fi\/blogi\/2015\/04\/15\/innokas-innostutaan-ja-innovoidaan-yhdessa\/\">Innokas \u2013 Innostutaan ja innovoidaan yhdess\u00e4!<\/a><\/p>\n<h5>Material som st\u00f6der undervisning<\/h5>\n<p><strong>Typ:<\/strong> beskrivning \/ redog\u00f6relse av den pedagogiska modellen<br \/>\n<strong>Niv\u00e5er:<\/strong> grundundervisning: \u00e5rskurs 7\u20139<br \/>\n<strong>L\u00e4ro\u00e4mnen:<\/strong> matematik, fysik<br \/>\n<strong>Samband till grunderna f\u00f6r l\u00e4roplanen:<\/strong> Materialet Robotar i fysikundervisningen inneh\u00e5ller instruktioner och \u00f6vningar i anknytning till anv\u00e4ndningen av datalogging-programmet f\u00f6r EV3-robotar. Med hj\u00e4lp av materialet kan du bekanta dig med utnyttjandet av legorobotik p\u00e5 h\u00f6gstadiets fysiklektioner. Materialet inneh\u00e5ller \u00e4ven instruktioner f\u00f6r variation av uppgiftstilldelningen enligt elevgruppens kunskapsniv\u00e5 och inl\u00e4rningsm\u00e5l. Materialpaketet f\u00f6ljer \u00f6vningarna i Innokas-n\u00e4tverkets <em>Robotar tar \u00f6ver fysikklassen<\/em> -utbildningar.<br \/>\n<strong>Nyckelord:<\/strong> programmering och robotik i fysikundervisningen<\/p>\n<p><strong><a class=\"button\" href=\"https:\/\/www.innokas.fi\/sv\/material\/robotar-i-fysikundervisningen\/\">Till materialet \u00bb<\/a><\/strong><\/p>\n<hr>\n<p><strong>Typ:<\/strong> beskrivning \/ redog\u00f6relse av den pedagogiska modellen<br \/>\n<strong>Niv\u00e5er:<\/strong> grundundervisning: \u00e5rskurs 3\u20136<br \/>\n<strong>L\u00e4ro\u00e4mnen:<\/strong> matematik, omgivningsl\u00e4ra, fysik, andra l\u00e4ro\u00e4mnen<br \/>\n<strong>Beskrivning:<\/strong> Med hj\u00e4lp av materialet Vardagens automatisering och robotik kan du bekanta dig med apparater som utnyttjar automatisering och robotik, l\u00e4ra dig skapa program genom att observera konstruerade milj\u00f6er, anv\u00e4nda de strukturer som beh\u00f6vs f\u00f6r programmering samt innovera en apparat som utnyttjar programmering och robotik. Materialpaketet inneh\u00e5ller instruktioner f\u00f6r l\u00e4rare samt presentationsmaterial som kan anv\u00e4ndas med eleverna.<br \/>\n<strong>Nyckelord:<\/strong> programmering och robotik, innovationsfostran, h\u00e5llbar utveckling, energi<\/p>\n<p><strong><a class=\"button\" href=\"https:\/\/www.innokas.fi\/sv\/material\/vardagen-automation-robotik\/\">Till materialet \u00bb<\/a><\/strong><\/p>\n<hr>\n<p><strong>Typ:<\/strong> \u00f6vrigt st\u00f6dmaterial f\u00f6r l\u00e4rare<br \/>\n<strong>Niv\u00e5er:<\/strong> f\u00f6rskoleundervisning, grundundervisning: \u00e5rskurs 1\u20132, 3\u20136 och 7\u20139<br \/>\n<strong>L\u00e4ro\u00e4mnen:<\/strong> \u00f6vriga l\u00e4ro\u00e4mnen<br \/>\n<strong>Beskrivning:<\/strong> OVideoserien Programmeringens grunder ger inspiration till undervisningen och inl\u00e4rningen av programmering och robotik! Den f\u00f6rsta videon <em>Vad \u00e4r programmering?<\/em> fungerar som en introduktion till inl\u00e4rning av programmering och robotik, b\u00e5de f\u00f6r elever och l\u00e4rare. \u00c4ven dessa delar h\u00f6r till videoserien: <em>Redskap f\u00f6r undervisning i programmering (del 1) och Redskap f\u00f6r undervisning i programmering (del 2)<\/em>.<br \/>\n<strong>Nyckelord:<\/strong> programmering, konstruerad milj\u00f6, arbetsf\u00e4rdigheter<\/p>\n<p><strong><a class=\"button\" href=\"https:\/\/www.innokas.fi\/sv\/material\/vad-ar-programmering\/\"> Till materialet (programmering) \u00bb<\/a><\/strong><\/p>\n<p><strong><a class=\"button\" href=\"https:\/\/www.innokas.fi\/sv\/material\/hjalpmedel-i-programmeringsundervisning-del-1\/\"> Till materialet (redskap 1) \u00bb<\/a><\/strong><\/p>\n<p><strong><a class=\"button\" href=\"https:\/\/www.innokas.fi\/sv\/material\/hjalpmedel-i-programmeringsundervisning-del-2\/\"> Till materialet (redskap 2) \u00bb<\/a><\/strong><\/p>\n<h5>Kontaktperson<\/h5>\n<ul>\n<li>Tiina Korhonen, Helsingfors universitet, tiina.korhonen@helsinki.fi<\/li>\n<\/ul>\n","protected":false},"excerpt":{"rendered":"<p>Introduktion Innokas-n\u00e4tverket handleder och inspirerar elever, l\u00e4rare, skolans akt\u00f6rer och samarbetsparter till kreativitet och innovation genom m\u00e5ngsidigt utnyttjande av teknik. Vi uppmuntrar barn och vuxna att tillsammans komma med id\u00e9er till och skapa nya s\u00e4tt att utnyttja teknik i skolans vardag. M\u00e5let med n\u00e4tverkets verksamhet \u00e4r att l\u00e4ra sig f\u00f6rst\u00e5 teknik, anv\u00e4nda teknik, l\u00e4ra sig [&hellip;]<\/p>\n","protected":false},"author":1,"featured_media":0,"parent":13,"menu_order":0,"comment_status":"closed","ping_status":"closed","template":"","meta":{"site-sidebar-layout":"default","site-content-layout":"default","ast-site-content-layout":"default","site-content-style":"default","site-sidebar-style":"default","ast-global-header-display":"","ast-banner-title-visibility":"","ast-main-header-display":"","ast-hfb-above-header-display":"","ast-hfb-below-header-display":"","ast-hfb-mobile-header-display":"","site-post-title":"","ast-breadcrumbs-content":"","ast-featured-img":"","footer-sml-layout":"","theme-transparent-header-meta":"default","adv-header-id-meta":"","stick-header-meta":"","header-above-stick-meta":"","header-main-stick-meta":"","header-below-stick-meta":"","astra-migrate-meta-layouts":"default","ast-page-background-enabled":"default","ast-page-background-meta":{"desktop":{"background-color":"","background-image":"","background-repeat":"repeat","background-position":"center center","background-size":"auto","background-attachment":"scroll","background-type":"","background-media":"","overlay-type":"","overlay-color":"","overlay-opacity":"","overlay-gradient":""},"tablet":{"background-color":"","background-image":"","background-repeat":"repeat","background-position":"center center","background-size":"auto","background-attachment":"scroll","background-type":"","background-media":"","overlay-type":"","overlay-color":"","overlay-opacity":"","overlay-gradient":""},"mobile":{"background-color":"","background-image":"","background-repeat":"repeat","background-position":"center center","background-size":"auto","background-attachment":"scroll","background-type":"","background-media":"","overlay-type":"","overlay-color":"","overlay-opacity":"","overlay-gradient":""}},"ast-content-background-meta":{"desktop":{"background-color":"var(--ast-global-color-5)","background-image":"","background-repeat":"repeat","background-position":"center center","background-size":"auto","background-attachment":"scroll","background-type":"","background-media":"","overlay-type":"","overlay-color":"","overlay-opacity":"","overlay-gradient":""},"tablet":{"background-color":"var(--ast-global-color-5)","background-image":"","background-repeat":"repeat","background-position":"center center","background-size":"auto","background-attachment":"scroll","background-type":"","background-media":"","overlay-type":"","overlay-color":"","overlay-opacity":"","overlay-gradient":""},"mobile":{"background-color":"var(--ast-global-color-5)","background-image":"","background-repeat":"repeat","background-position":"center center","background-size":"auto","background-attachment":"scroll","background-type":"","background-media":"","overlay-type":"","overlay-color":"","overlay-opacity":"","overlay-gradient":""}},"footnotes":""},"class_list":["post-528","page","type-page","status-publish","hentry"],"_links":{"self":[{"href":"https:\/\/suomi.luma.fi\/sv\/wp-json\/wp\/v2\/pages\/528","targetHints":{"allow":["GET"]}}],"collection":[{"href":"https:\/\/suomi.luma.fi\/sv\/wp-json\/wp\/v2\/pages"}],"about":[{"href":"https:\/\/suomi.luma.fi\/sv\/wp-json\/wp\/v2\/types\/page"}],"author":[{"embeddable":true,"href":"https:\/\/suomi.luma.fi\/sv\/wp-json\/wp\/v2\/users\/1"}],"replies":[{"embeddable":true,"href":"https:\/\/suomi.luma.fi\/sv\/wp-json\/wp\/v2\/comments?post=528"}],"version-history":[{"count":3,"href":"https:\/\/suomi.luma.fi\/sv\/wp-json\/wp\/v2\/pages\/528\/revisions"}],"predecessor-version":[{"id":533,"href":"https:\/\/suomi.luma.fi\/sv\/wp-json\/wp\/v2\/pages\/528\/revisions\/533"}],"up":[{"embeddable":true,"href":"https:\/\/suomi.luma.fi\/sv\/wp-json\/wp\/v2\/pages\/13"}],"wp:attachment":[{"href":"https:\/\/suomi.luma.fi\/sv\/wp-json\/wp\/v2\/media?parent=528"}],"curies":[{"name":"wp","href":"https:\/\/api.w.org\/{rel}","templated":true}]}}