{"id":347,"date":"2019-06-05T09:26:57","date_gmt":"2019-06-05T07:26:57","guid":{"rendered":"https:\/\/suomi.luma.fi\/sv\/?page_id=347"},"modified":"2019-06-05T09:26:58","modified_gmt":"2019-06-05T07:26:58","slug":"programmering-i-matematikundervisningen","status":"publish","type":"page","link":"https:\/\/suomi.luma.fi\/sv\/projekt\/programmering-i-matematikundervisningen\/","title":{"rendered":"Programmering i matematikundervisningen"},"content":{"rendered":"<h5>Material som st\u00f6der undervisning<\/h5>\n<p><strong>Niv\u00e5er:<\/strong> grundundervisning: \u00e5rskurs 7\u20139<br \/>\n<strong>L\u00e4ro\u00e4mnen:<\/strong> matematik<br \/>\n<strong>Beskrivning:<\/strong> Den nya l\u00e4roplanen g\u00f6r programmering till en del av matematiken. Programmering kan integreras med matematik med hj\u00e4lp av det skapade materialet. De egentliga digitala uppgifterna finns p\u00e5 ViLLE.<br \/>\n<strong>Typ:<\/strong> beskrivning\/redog\u00f6relse av den pedagogiska modellen, \u00f6vrigt st\u00f6dmaterial f\u00f6r l\u00e4rare, (l\u00e4ro)material f\u00f6r elever<br \/>\n<strong>Nyckelord:<\/strong> oprogrammering, matematik, utbildningsv\u00e4g<\/p>\n<p><strong><a class=\"button\" href=\"http:\/\/villeteam.fi\/fi\/tuki\/dokumentaatio\">Till materialet \u00bb<\/a><\/strong><\/p>\n<h5>Kontaktpersoner<\/h5>\n<ul>\n<li>Petra Enges-Pyyk\u00f6nen, \u00c5bo universitet, phenge@utu.fi<\/li>\n<li>Erkki Kaila, \u00c5bo universitet, erkki.kaila@utu.fi<\/li>\n<\/ul>\n<h5>Arbetsgrupp<\/h5>\n<ul>\n<li>Petra Enges-Pyyk\u00f6nen, \u00c5bo universitet, phenge@utu.fi<\/li>\n<li>Erkki Kaila, \u00c5bo universitet, erkki.kaila@utu.fi<\/li>\n<li>Einari Kurvinen, \u00c5bo universitet, emakur@utu.fi<\/li>\n<\/ul>\n","protected":false},"excerpt":{"rendered":"<p>Material som st\u00f6der undervisning Niv\u00e5er: grundundervisning: \u00e5rskurs 7\u20139 L\u00e4ro\u00e4mnen: matematik Beskrivning: Den nya l\u00e4roplanen g\u00f6r programmering till en del av matematiken. Programmering kan integreras med matematik med hj\u00e4lp av det skapade materialet. De egentliga digitala uppgifterna finns p\u00e5 ViLLE. Typ: beskrivning\/redog\u00f6relse av den pedagogiska modellen, \u00f6vrigt st\u00f6dmaterial f\u00f6r l\u00e4rare, (l\u00e4ro)material f\u00f6r elever Nyckelord: oprogrammering, matematik, [&hellip;]<\/p>\n","protected":false},"author":1,"featured_media":0,"parent":13,"menu_order":0,"comment_status":"closed","ping_status":"closed","template":"","meta":{"site-sidebar-layout":"default","site-content-layout":"default","ast-site-content-layout":"default","site-content-style":"default","site-sidebar-style":"default","ast-global-header-display":"","ast-banner-title-visibility":"","ast-main-header-display":"","ast-hfb-above-header-display":"","ast-hfb-below-header-display":"","ast-hfb-mobile-header-display":"","site-post-title":"","ast-breadcrumbs-content":"","ast-featured-img":"","footer-sml-layout":"","theme-transparent-header-meta":"default","adv-header-id-meta":"","stick-header-meta":"","header-above-stick-meta":"","header-main-stick-meta":"","header-below-stick-meta":"","astra-migrate-meta-layouts":"default","ast-page-background-enabled":"default","ast-page-background-meta":{"desktop":{"background-color":"","background-image":"","background-repeat":"repeat","background-position":"center center","background-size":"auto","background-attachment":"scroll","background-type":"","background-media":"","overlay-type":"","overlay-color":"","overlay-opacity":"","overlay-gradient":""},"tablet":{"background-color":"","background-image":"","background-repeat":"repeat","background-position":"center center","background-size":"auto","background-attachment":"scroll","background-type":"","background-media":"","overlay-type":"","overlay-color":"","overlay-opacity":"","overlay-gradient":""},"mobile":{"background-color":"","background-image":"","background-repeat":"repeat","background-position":"center center","background-size":"auto","background-attachment":"scroll","background-type":"","background-media":"","overlay-type":"","overlay-color":"","overlay-opacity":"","overlay-gradient":""}},"ast-content-background-meta":{"desktop":{"background-color":"var(--ast-global-color-5)","background-image":"","background-repeat":"repeat","background-position":"center center","background-size":"auto","background-attachment":"scroll","background-type":"","background-media":"","overlay-type":"","overlay-color":"","overlay-opacity":"","overlay-gradient":""},"tablet":{"background-color":"var(--ast-global-color-5)","background-image":"","background-repeat":"repeat","background-position":"center center","background-size":"auto","background-attachment":"scroll","background-type":"","background-media":"","overlay-type":"","overlay-color":"","overlay-opacity":"","overlay-gradient":""},"mobile":{"background-color":"var(--ast-global-color-5)","background-image":"","background-repeat":"repeat","background-position":"center center","background-size":"auto","background-attachment":"scroll","background-type":"","background-media":"","overlay-type":"","overlay-color":"","overlay-opacity":"","overlay-gradient":""}},"footnotes":""},"class_list":["post-347","page","type-page","status-publish","hentry"],"_links":{"self":[{"href":"https:\/\/suomi.luma.fi\/sv\/wp-json\/wp\/v2\/pages\/347","targetHints":{"allow":["GET"]}}],"collection":[{"href":"https:\/\/suomi.luma.fi\/sv\/wp-json\/wp\/v2\/pages"}],"about":[{"href":"https:\/\/suomi.luma.fi\/sv\/wp-json\/wp\/v2\/types\/page"}],"author":[{"embeddable":true,"href":"https:\/\/suomi.luma.fi\/sv\/wp-json\/wp\/v2\/users\/1"}],"replies":[{"embeddable":true,"href":"https:\/\/suomi.luma.fi\/sv\/wp-json\/wp\/v2\/comments?post=347"}],"version-history":[{"count":1,"href":"https:\/\/suomi.luma.fi\/sv\/wp-json\/wp\/v2\/pages\/347\/revisions"}],"predecessor-version":[{"id":348,"href":"https:\/\/suomi.luma.fi\/sv\/wp-json\/wp\/v2\/pages\/347\/revisions\/348"}],"up":[{"embeddable":true,"href":"https:\/\/suomi.luma.fi\/sv\/wp-json\/wp\/v2\/pages\/13"}],"wp:attachment":[{"href":"https:\/\/suomi.luma.fi\/sv\/wp-json\/wp\/v2\/media?parent=347"}],"curies":[{"name":"wp","href":"https:\/\/api.w.org\/{rel}","templated":true}]}}