{"id":336,"date":"2019-06-05T08:52:51","date_gmt":"2019-06-05T06:52:51","guid":{"rendered":"https:\/\/suomi.luma.fi\/sv\/?page_id=336"},"modified":"2019-06-05T08:52:52","modified_gmt":"2019-06-05T06:52:52","slug":"oppna-laboration-i-kemi-och-fysikundervisningen","status":"publish","type":"page","link":"https:\/\/suomi.luma.fi\/sv\/projekt\/oppna-laboration-i-kemi-och-fysikundervisningen\/","title":{"rendered":"\u00d6ppna laboration i kemi- och fysikundervisningen"},"content":{"rendered":"<h5>Introduktion<\/h5>\n<p>Projektet \u00e4r ett fortbildningsprojekt som riktar sig till l\u00e4rare i kemi och fysik i \u00e5rskurserna 7-9. Syftet \u00e4r att l\u00e4rarna ska utveckla sin f\u00f6rm\u00e5ga anv\u00e4nda \u00f6ppna laborationer i sin undervisning, med utg\u00e5ngspunkt i ett naturvetenskapligt unders\u00f6kande arbetss\u00e4tt. Fortbildningen \u00e4r uppbyggd kring 5-6 n\u00e4rstudietillf\u00e4llen samt arbete med \u00f6ppna laborationer i egen undervisning.<\/p>\n<h5>Video<\/h5>\n<p><iframe loading=\"lazy\" width=\"560\" height=\"315\" src=\"https:\/\/www.youtube.com\/embed\/eUWQqJTBfMM?rel=0\" frameborder=\"0\" allowfullscreen=\"\"><\/iframe><\/p>\n<h5>Texter om projektet<\/h5>\n<p><a href=\"http:\/\/suomi.luma.fi\/blogi\/2015\/04\/30\/undersokande-arbetssatt-och-oppna-laborationer\/\">Unders\u00f6kande arbetss\u00e4tt och \u00f6ppna laborationer<\/a><\/p>\n<h5>Material som st\u00f6der undervisning<\/h5>\n<p><strong>Niv\u00e5er:<\/strong> grundundervisning: \u00e5rskurs 7\u20139<br \/>\n<strong>L\u00e4ro\u00e4mnen:<\/strong> fysik, kemi<br \/>\n<strong>Beskrivning:<\/strong> \u00d6ppna laborationer \u00e4r en del som betonas i den nya l\u00e4roplanen. Eleverna utvecklar sina f\u00e4rdigheter i att arbeta p\u00e5 ett naturvetenskapligt s\u00e4tt.<br \/>\n<strong>Typ:<\/strong> beskrivning\/redog\u00f6relse f\u00f6r pedagogisk modell, \u00f6vrigt st\u00f6dmaterial f\u00f6r l\u00e4rare, (l\u00e4ro)material f\u00f6r elevanv\u00e4ndning<br \/>\n<strong>Nyckelord:<\/strong> \u00f6ppna laborationer, unders\u00f6kande arbetss\u00e4tt<\/p>\n<p><strong><a class=\"button\" href=\"http:\/\/blogs2.abo.fi\/oppnalaborationer\/\">Till materialet \u00bb<\/a><\/strong><\/p>\n<h5>Kontaktpersoner<\/h5>\n<ul>\n<li>Berit Kurt\u00e9n-Finn\u00e4s, \u00c5bo Akademi, berit.kurten-finnas@abo.fi<\/li>\n<\/ul>\n","protected":false},"excerpt":{"rendered":"<p>Introduktion Projektet \u00e4r ett fortbildningsprojekt som riktar sig till l\u00e4rare i kemi och fysik i \u00e5rskurserna 7-9. Syftet \u00e4r att l\u00e4rarna ska utveckla sin f\u00f6rm\u00e5ga anv\u00e4nda \u00f6ppna laborationer i sin undervisning, med utg\u00e5ngspunkt i ett naturvetenskapligt unders\u00f6kande arbetss\u00e4tt. Fortbildningen \u00e4r uppbyggd kring 5-6 n\u00e4rstudietillf\u00e4llen samt arbete med \u00f6ppna laborationer i egen undervisning. Video Texter om [&hellip;]<\/p>\n","protected":false},"author":1,"featured_media":0,"parent":13,"menu_order":0,"comment_status":"closed","ping_status":"closed","template":"","meta":{"site-sidebar-layout":"default","site-content-layout":"default","ast-site-content-layout":"default","site-content-style":"default","site-sidebar-style":"default","ast-global-header-display":"","ast-banner-title-visibility":"","ast-main-header-display":"","ast-hfb-above-header-display":"","ast-hfb-below-header-display":"","ast-hfb-mobile-header-display":"","site-post-title":"","ast-breadcrumbs-content":"","ast-featured-img":"","footer-sml-layout":"","theme-transparent-header-meta":"default","adv-header-id-meta":"","stick-header-meta":"","header-above-stick-meta":"","header-main-stick-meta":"","header-below-stick-meta":"","astra-migrate-meta-layouts":"default","ast-page-background-enabled":"default","ast-page-background-meta":{"desktop":{"background-color":"","background-image":"","background-repeat":"repeat","background-position":"center center","background-size":"auto","background-attachment":"scroll","background-type":"","background-media":"","overlay-type":"","overlay-color":"","overlay-opacity":"","overlay-gradient":""},"tablet":{"background-color":"","background-image":"","background-repeat":"repeat","background-position":"center center","background-size":"auto","background-attachment":"scroll","background-type":"","background-media":"","overlay-type":"","overlay-color":"","overlay-opacity":"","overlay-gradient":""},"mobile":{"background-color":"","background-image":"","background-repeat":"repeat","background-position":"center center","background-size":"auto","background-attachment":"scroll","background-type":"","background-media":"","overlay-type":"","overlay-color":"","overlay-opacity":"","overlay-gradient":""}},"ast-content-background-meta":{"desktop":{"background-color":"var(--ast-global-color-5)","background-image":"","background-repeat":"repeat","background-position":"center center","background-size":"auto","background-attachment":"scroll","background-type":"","background-media":"","overlay-type":"","overlay-color":"","overlay-opacity":"","overlay-gradient":""},"tablet":{"background-color":"var(--ast-global-color-5)","background-image":"","background-repeat":"repeat","background-position":"center center","background-size":"auto","background-attachment":"scroll","background-type":"","background-media":"","overlay-type":"","overlay-color":"","overlay-opacity":"","overlay-gradient":""},"mobile":{"background-color":"var(--ast-global-color-5)","background-image":"","background-repeat":"repeat","background-position":"center center","background-size":"auto","background-attachment":"scroll","background-type":"","background-media":"","overlay-type":"","overlay-color":"","overlay-opacity":"","overlay-gradient":""}},"footnotes":""},"class_list":["post-336","page","type-page","status-publish","hentry"],"_links":{"self":[{"href":"https:\/\/suomi.luma.fi\/sv\/wp-json\/wp\/v2\/pages\/336","targetHints":{"allow":["GET"]}}],"collection":[{"href":"https:\/\/suomi.luma.fi\/sv\/wp-json\/wp\/v2\/pages"}],"about":[{"href":"https:\/\/suomi.luma.fi\/sv\/wp-json\/wp\/v2\/types\/page"}],"author":[{"embeddable":true,"href":"https:\/\/suomi.luma.fi\/sv\/wp-json\/wp\/v2\/users\/1"}],"replies":[{"embeddable":true,"href":"https:\/\/suomi.luma.fi\/sv\/wp-json\/wp\/v2\/comments?post=336"}],"version-history":[{"count":1,"href":"https:\/\/suomi.luma.fi\/sv\/wp-json\/wp\/v2\/pages\/336\/revisions"}],"predecessor-version":[{"id":337,"href":"https:\/\/suomi.luma.fi\/sv\/wp-json\/wp\/v2\/pages\/336\/revisions\/337"}],"up":[{"embeddable":true,"href":"https:\/\/suomi.luma.fi\/sv\/wp-json\/wp\/v2\/pages\/13"}],"wp:attachment":[{"href":"https:\/\/suomi.luma.fi\/sv\/wp-json\/wp\/v2\/media?parent=336"}],"curies":[{"name":"wp","href":"https:\/\/api.w.org\/{rel}","templated":true}]}}