{"id":305,"date":"2019-06-04T13:10:55","date_gmt":"2019-06-04T11:10:55","guid":{"rendered":"https:\/\/suomi.luma.fi\/sv\/?page_id=305"},"modified":"2019-06-06T08:40:57","modified_gmt":"2019-06-06T06:40:57","slug":"agera-och-rakna","status":"publish","type":"page","link":"https:\/\/suomi.luma.fi\/sv\/projekt\/agera-och-rakna\/","title":{"rendered":"Agera och r\u00e4kna"},"content":{"rendered":"<h5>Introduktion<\/h5>\n<p>M\u00e5let \u00e4r att testanv\u00e4nda nya funktionella undervisningspaket som byggs upp till st\u00f6d f\u00f6r matematikundervisningen i enlighet med den nya l\u00e4roplanen. Undervisningen utvidgas att omfatta l\u00e4ro\u00e4mnes\u00f6vergripande helheter i den nya l\u00e4roplanens (2016) anda, till exempel i anknytning till geometri eller kodning. M\u00e5let \u00e4r att integrera bland annat gemensam aktivitet, motion samt undervisning utanf\u00f6r klassrummet. De flesta av uppgifterna \u00e4r avsedda att kunna genomf\u00f6ras utan dyr specialutrustning. M\u00e5let \u00e4r att utveckla undervisningen s\u00e5 att den l\u00e4mpar sig f\u00f6r elever p\u00e5 olika niv\u00e5er och med olika inl\u00e4rningss\u00e4tt.<\/p>\n<h5>Video<\/h5>\n<p><iframe loading=\"lazy\" width=\"560\" height=\"315\" src=\"https:\/\/www.youtube.com\/embed\/5nu0f7Oh95s?rel=0\" frameborder=\"0\" allowfullscreen=\"\"><\/iframe><\/p>\n<h5>Texter om projektet<\/h5>\n<p><a href=\"http:\/\/suomi.luma.fi\/blogi\/2015\/02\/12\/matematiikan-kirjat-nurkkaan-nyt-opitaan-liikkumalla\/\">Matematiikan kirjat nurkkaan, nyt opitaan liikkumalla!<\/a><\/p>\n<h5>Material som st\u00f6der undervisning<\/h5>\n<p><strong>Niv\u00e5er:<\/strong> grundundervisning: \u00e5rskurs 3\u20136<br \/>\n<strong>L\u00e4ro\u00e4mnen:<\/strong> matematik<br \/>\n<strong>Beskrivning:<\/strong> I5: Matematiskt t\u00e4nkande, I6: Tal och r\u00e4kneoperationer, I7: Algebra, I8: Geometri och m\u00e4tning, I8: Informationsbehandling, statistik och sannolikhet<br \/>\n<strong>Typ:<\/strong> \u00f6vrigt st\u00f6dmaterial f\u00f6r l\u00e4rare<br \/>\n<strong>Nyckelord:<\/strong> funktionell matematik, matematikspel, matematiklekar, matematik utomhus<\/p>\n<p><strong><a class=\"button\" href=\"https:\/\/peda.net\/lappeenranta\/yhteisty%C3%B6tilat\/luma-saimaa\/toimi-ja-laske\">Till materialet \u00bb<\/a><\/strong><\/p>\n<h5>\u00d6vrigt material<\/h5>\n<ul>\n<li><a href=\"\/wp-content\/uploads\/2017\/02\/LUMA-SUOMI-Toimi-ja-laske.pdf\">Presentation av projektet p\u00e5 LUMA-dagarna 2015 (p\u00e5 finska)\u00bb<\/a><\/li>\n<\/ul>\n<h5>Kontaktpersoner<\/h5>\n<ul>\n<li>P\u00e4ivi Porras, Saimen yrkesh\u00f6gskola Saimia, paivi.porras@saimia.fi<\/li>\n<\/ul>\n","protected":false},"excerpt":{"rendered":"<p>Introduktion M\u00e5let \u00e4r att testanv\u00e4nda nya funktionella undervisningspaket som byggs upp till st\u00f6d f\u00f6r matematikundervisningen i enlighet med den nya l\u00e4roplanen. Undervisningen utvidgas att omfatta l\u00e4ro\u00e4mnes\u00f6vergripande helheter i den nya l\u00e4roplanens (2016) anda, till exempel i anknytning till geometri eller kodning. M\u00e5let \u00e4r att integrera bland annat gemensam aktivitet, motion samt undervisning utanf\u00f6r klassrummet. De [&hellip;]<\/p>\n","protected":false},"author":1,"featured_media":0,"parent":13,"menu_order":0,"comment_status":"closed","ping_status":"closed","template":"","meta":{"site-sidebar-layout":"default","site-content-layout":"default","ast-site-content-layout":"default","site-content-style":"default","site-sidebar-style":"default","ast-global-header-display":"","ast-banner-title-visibility":"","ast-main-header-display":"","ast-hfb-above-header-display":"","ast-hfb-below-header-display":"","ast-hfb-mobile-header-display":"","site-post-title":"","ast-breadcrumbs-content":"","ast-featured-img":"","footer-sml-layout":"","theme-transparent-header-meta":"default","adv-header-id-meta":"","stick-header-meta":"","header-above-stick-meta":"","header-main-stick-meta":"","header-below-stick-meta":"","astra-migrate-meta-layouts":"default","ast-page-background-enabled":"default","ast-page-background-meta":{"desktop":{"background-color":"","background-image":"","background-repeat":"repeat","background-position":"center center","background-size":"auto","background-attachment":"scroll","background-type":"","background-media":"","overlay-type":"","overlay-color":"","overlay-opacity":"","overlay-gradient":""},"tablet":{"background-color":"","background-image":"","background-repeat":"repeat","background-position":"center center","background-size":"auto","background-attachment":"scroll","background-type":"","background-media":"","overlay-type":"","overlay-color":"","overlay-opacity":"","overlay-gradient":""},"mobile":{"background-color":"","background-image":"","background-repeat":"repeat","background-position":"center center","background-size":"auto","background-attachment":"scroll","background-type":"","background-media":"","overlay-type":"","overlay-color":"","overlay-opacity":"","overlay-gradient":""}},"ast-content-background-meta":{"desktop":{"background-color":"var(--ast-global-color-5)","background-image":"","background-repeat":"repeat","background-position":"center center","background-size":"auto","background-attachment":"scroll","background-type":"","background-media":"","overlay-type":"","overlay-color":"","overlay-opacity":"","overlay-gradient":""},"tablet":{"background-color":"var(--ast-global-color-5)","background-image":"","background-repeat":"repeat","background-position":"center center","background-size":"auto","background-attachment":"scroll","background-type":"","background-media":"","overlay-type":"","overlay-color":"","overlay-opacity":"","overlay-gradient":""},"mobile":{"background-color":"var(--ast-global-color-5)","background-image":"","background-repeat":"repeat","background-position":"center center","background-size":"auto","background-attachment":"scroll","background-type":"","background-media":"","overlay-type":"","overlay-color":"","overlay-opacity":"","overlay-gradient":""}},"footnotes":""},"class_list":["post-305","page","type-page","status-publish","hentry"],"_links":{"self":[{"href":"https:\/\/suomi.luma.fi\/sv\/wp-json\/wp\/v2\/pages\/305","targetHints":{"allow":["GET"]}}],"collection":[{"href":"https:\/\/suomi.luma.fi\/sv\/wp-json\/wp\/v2\/pages"}],"about":[{"href":"https:\/\/suomi.luma.fi\/sv\/wp-json\/wp\/v2\/types\/page"}],"author":[{"embeddable":true,"href":"https:\/\/suomi.luma.fi\/sv\/wp-json\/wp\/v2\/users\/1"}],"replies":[{"embeddable":true,"href":"https:\/\/suomi.luma.fi\/sv\/wp-json\/wp\/v2\/comments?post=305"}],"version-history":[{"count":2,"href":"https:\/\/suomi.luma.fi\/sv\/wp-json\/wp\/v2\/pages\/305\/revisions"}],"predecessor-version":[{"id":448,"href":"https:\/\/suomi.luma.fi\/sv\/wp-json\/wp\/v2\/pages\/305\/revisions\/448"}],"up":[{"embeddable":true,"href":"https:\/\/suomi.luma.fi\/sv\/wp-json\/wp\/v2\/pages\/13"}],"wp:attachment":[{"href":"https:\/\/suomi.luma.fi\/sv\/wp-json\/wp\/v2\/media?parent=305"}],"curies":[{"name":"wp","href":"https:\/\/api.w.org\/{rel}","templated":true}]}}