{"id":25,"date":"2017-02-03T06:47:16","date_gmt":"2017-02-03T06:47:16","guid":{"rendered":"http:\/\/suomi.luma.fi\/sv\/?page_id=25"},"modified":"2019-06-04T11:24:51","modified_gmt":"2019-06-04T09:24:51","slug":"kontaktuppgifter","status":"publish","type":"page","link":"https:\/\/suomi.luma.fi\/sv\/kontaktuppgifter\/","title":{"rendered":"Kontaktuppgifter"},"content":{"rendered":"<p>Allm\u00e4n kontaktadress f\u00f6r programmet:&nbsp;<strong><a href=\"mailto:info@suomi.luma.fi\">info@suomi.luma.fi<\/a><\/strong><\/p>\n<hr>\n<h3>Programchef<\/h3>\n<p style=\"padding-left: 30px;\">professor, forskningschef  <strong>Maija Aksela<\/strong>, Helsingfors universitet<br \/>\n<a href=\"mailto:maija.aksela@helsinki.fi\">maija.aksela@helsinki.fi<\/a><br \/>\ntel. 050 514 1450<\/p>\n<hr>\n<h3>Programkoordinator<\/h3>\n<p style=\"padding-left: 30px;\">koordinator <strong>Saara Lehto<\/strong>, Helsingfors universitet<br \/>\n<a href=\"mailto:saara.lehto@helsinki.fi\">saara.lehto@helsinki.fi<\/a><br \/>\ntel. 050 311 9360<\/p>\n<hr>\n<h3>Undervisningsassistent f\u00f6r programmet<\/h3>\n<p style=\"padding-left: 30px;\">undervisningsassistent <strong>Karoliina Hannukkala<\/strong>, Helsingfors universitet<br \/>\n<a href=\"mailto:karoliina.hannukkala@helsinki.fi\">karoliina.hannukkala@helsinki.fi<\/a><\/p>\n<hr>\n<h3>Ledare f\u00f6r programmets \u00f6vervakning och utv\u00e4rdering<\/h3>\n<p style=\"padding-left: 30px;\">professor <strong>Jari Lavonen<\/strong>, Helsingfors universitet<br \/>\n<a href=\"mailto:jari.lavonen@helsinki.fi\">jari.lavonen@helsinki.fi<\/a><br \/>\ntel. 050 415 5317<\/p>\n<p>&nbsp;<\/p>\n","protected":false},"excerpt":{"rendered":"<p>Allm\u00e4n kontaktadress f\u00f6r programmet:&nbsp;info@suomi.luma.fi Programchef professor, forskningschef Maija Aksela, Helsingfors universitet maija.aksela@helsinki.fi tel. 050 514 1450 Programkoordinator koordinator Saara Lehto, Helsingfors universitet saara.lehto@helsinki.fi tel. 050 311 9360 Undervisningsassistent f\u00f6r programmet undervisningsassistent Karoliina Hannukkala, Helsingfors universitet karoliina.hannukkala@helsinki.fi Ledare f\u00f6r programmets \u00f6vervakning och utv\u00e4rdering professor Jari Lavonen, Helsingfors universitet jari.lavonen@helsinki.fi tel. 050 415 5317 &nbsp;<\/p>\n","protected":false},"author":1,"featured_media":0,"parent":0,"menu_order":0,"comment_status":"closed","ping_status":"closed","template":"","meta":{"site-sidebar-layout":"default","site-content-layout":"default","ast-site-content-layout":"default","site-content-style":"default","site-sidebar-style":"default","ast-global-header-display":"","ast-banner-title-visibility":"","ast-main-header-display":"","ast-hfb-above-header-display":"","ast-hfb-below-header-display":"","ast-hfb-mobile-header-display":"","site-post-title":"","ast-breadcrumbs-content":"","ast-featured-img":"","footer-sml-layout":"","theme-transparent-header-meta":"default","adv-header-id-meta":"","stick-header-meta":"","header-above-stick-meta":"","header-main-stick-meta":"","header-below-stick-meta":"","astra-migrate-meta-layouts":"default","ast-page-background-enabled":"default","ast-page-background-meta":{"desktop":{"background-color":"","background-image":"","background-repeat":"repeat","background-position":"center center","background-size":"auto","background-attachment":"scroll","background-type":"","background-media":"","overlay-type":"","overlay-color":"","overlay-opacity":"","overlay-gradient":""},"tablet":{"background-color":"","background-image":"","background-repeat":"repeat","background-position":"center center","background-size":"auto","background-attachment":"scroll","background-type":"","background-media":"","overlay-type":"","overlay-color":"","overlay-opacity":"","overlay-gradient":""},"mobile":{"background-color":"","background-image":"","background-repeat":"repeat","background-position":"center center","background-size":"auto","background-attachment":"scroll","background-type":"","background-media":"","overlay-type":"","overlay-color":"","overlay-opacity":"","overlay-gradient":""}},"ast-content-background-meta":{"desktop":{"background-color":"var(--ast-global-color-5)","background-image":"","background-repeat":"repeat","background-position":"center center","background-size":"auto","background-attachment":"scroll","background-type":"","background-media":"","overlay-type":"","overlay-color":"","overlay-opacity":"","overlay-gradient":""},"tablet":{"background-color":"var(--ast-global-color-5)","background-image":"","background-repeat":"repeat","background-position":"center center","background-size":"auto","background-attachment":"scroll","background-type":"","background-media":"","overlay-type":"","overlay-color":"","overlay-opacity":"","overlay-gradient":""},"mobile":{"background-color":"var(--ast-global-color-5)","background-image":"","background-repeat":"repeat","background-position":"center center","background-size":"auto","background-attachment":"scroll","background-type":"","background-media":"","overlay-type":"","overlay-color":"","overlay-opacity":"","overlay-gradient":""}},"footnotes":""},"class_list":["post-25","page","type-page","status-publish","hentry"],"_links":{"self":[{"href":"https:\/\/suomi.luma.fi\/sv\/wp-json\/wp\/v2\/pages\/25","targetHints":{"allow":["GET"]}}],"collection":[{"href":"https:\/\/suomi.luma.fi\/sv\/wp-json\/wp\/v2\/pages"}],"about":[{"href":"https:\/\/suomi.luma.fi\/sv\/wp-json\/wp\/v2\/types\/page"}],"author":[{"embeddable":true,"href":"https:\/\/suomi.luma.fi\/sv\/wp-json\/wp\/v2\/users\/1"}],"replies":[{"embeddable":true,"href":"https:\/\/suomi.luma.fi\/sv\/wp-json\/wp\/v2\/comments?post=25"}],"version-history":[{"count":4,"href":"https:\/\/suomi.luma.fi\/sv\/wp-json\/wp\/v2\/pages\/25\/revisions"}],"predecessor-version":[{"id":368,"href":"https:\/\/suomi.luma.fi\/sv\/wp-json\/wp\/v2\/pages\/25\/revisions\/368"}],"wp:attachment":[{"href":"https:\/\/suomi.luma.fi\/sv\/wp-json\/wp\/v2\/media?parent=25"}],"curies":[{"name":"wp","href":"https:\/\/api.w.org\/{rel}","templated":true}]}}