{"id":19,"date":"2017-02-03T06:46:00","date_gmt":"2017-02-03T06:46:00","guid":{"rendered":"http:\/\/suomi.luma.fi\/sv\/?page_id=19"},"modified":"2019-06-04T11:33:58","modified_gmt":"2019-06-04T09:33:58","slug":"utbildning","status":"publish","type":"page","link":"https:\/\/suomi.luma.fi\/sv\/utbildning\/","title":{"rendered":"Utbildning"},"content":{"rendered":"<p><em>De nya l\u00e4roplanerna, projketinl\u00e4rning, helhetsskapande l\u00e4romr\u00e5den, programmering&#8230; Hur f\u00e5r man elever att bli inspirerade av matematik, naturvetenskaper och teknik?<\/em><\/p>\n<p>F\u00f6r att st\u00f6da l\u00e4rare i deras vardagliga arbete fortbildar LUMA FINLAND-programmet l\u00e4rare i de nyaste metoderna och materialen, med fokus p\u00e5 att inspirera och motivera barn och ungdomar b\u00e4ttre.<\/p>\n<p>Programmets samtliga utbildningar \u00e4r kostnadsfria. Utbildningsformerna varierar fr\u00e5n presentationer p\u00e5 n\u00e5gra timmar till projekt som r\u00e4cker en hel termin och webbutblidningar som \u00e4r \u00f6ppna f\u00f6r alla. Utbildningarna l\u00e4mpar sig v\u00e4l bl.a. f\u00f6r FBA- och Kiky-dagar<\/p>\n<h5>Bekanta dig med v\u00e5rt urval!<\/h5>\n<ul>\n<li><a href=\"http:\/\/suomi.luma.fi\/koulutus\/lahikoulutukset\/\"> Lokal utbildning  \u00bb<\/a><\/li>\n<li><a href=\"http:\/\/suomi.luma.fi\/koulutus\/verkkokoulutus\/\">Webbutbildning \u00bb<\/a><\/li>\n<li><a href=\"https:\/\/suomi.luma.fi\/koulutus\/pyyda-koulutusta-kuntaasi\/\">Ans\u00f6k om utbildning till din kommun \u00bb<\/a><\/li>\n<li>    Ta \u00e4ven del av LUMA-center Finlands utbildningar inom <a href=\"https:\/\/lumatikka.luma.fi\/\">LUMATIKKA-programmet! \u00bb<\/a><\/li>\n<\/ul>\n<p><img loading=\"lazy\" decoding=\"async\" class=\"alignleft wp-image-1501\" src=\"https:\/\/suomi.luma.fi\/wp-content\/uploads\/2018\/05\/LUMASUOMIcolourfixedSMALL-294x300.png\" alt=\"\" width=\"457\" height=\"466\"><\/p>\n","protected":false},"excerpt":{"rendered":"<p>De nya l\u00e4roplanerna, projketinl\u00e4rning, helhetsskapande l\u00e4romr\u00e5den, programmering&#8230; Hur f\u00e5r man elever att bli inspirerade av matematik, naturvetenskaper och teknik? F\u00f6r att st\u00f6da l\u00e4rare i deras vardagliga arbete fortbildar LUMA FINLAND-programmet l\u00e4rare i de nyaste metoderna och materialen, med fokus p\u00e5 att inspirera och motivera barn och ungdomar b\u00e4ttre. Programmets samtliga utbildningar \u00e4r kostnadsfria. Utbildningsformerna varierar [&hellip;]<\/p>\n","protected":false},"author":1,"featured_media":0,"parent":0,"menu_order":0,"comment_status":"closed","ping_status":"closed","template":"","meta":{"site-sidebar-layout":"default","site-content-layout":"default","ast-site-content-layout":"default","site-content-style":"default","site-sidebar-style":"default","ast-global-header-display":"","ast-banner-title-visibility":"","ast-main-header-display":"","ast-hfb-above-header-display":"","ast-hfb-below-header-display":"","ast-hfb-mobile-header-display":"","site-post-title":"","ast-breadcrumbs-content":"","ast-featured-img":"","footer-sml-layout":"","theme-transparent-header-meta":"default","adv-header-id-meta":"","stick-header-meta":"","header-above-stick-meta":"","header-main-stick-meta":"","header-below-stick-meta":"","astra-migrate-meta-layouts":"default","ast-page-background-enabled":"default","ast-page-background-meta":{"desktop":{"background-color":"","background-image":"","background-repeat":"repeat","background-position":"center center","background-size":"auto","background-attachment":"scroll","background-type":"","background-media":"","overlay-type":"","overlay-color":"","overlay-opacity":"","overlay-gradient":""},"tablet":{"background-color":"","background-image":"","background-repeat":"repeat","background-position":"center center","background-size":"auto","background-attachment":"scroll","background-type":"","background-media":"","overlay-type":"","overlay-color":"","overlay-opacity":"","overlay-gradient":""},"mobile":{"background-color":"","background-image":"","background-repeat":"repeat","background-position":"center center","background-size":"auto","background-attachment":"scroll","background-type":"","background-media":"","overlay-type":"","overlay-color":"","overlay-opacity":"","overlay-gradient":""}},"ast-content-background-meta":{"desktop":{"background-color":"var(--ast-global-color-5)","background-image":"","background-repeat":"repeat","background-position":"center center","background-size":"auto","background-attachment":"scroll","background-type":"","background-media":"","overlay-type":"","overlay-color":"","overlay-opacity":"","overlay-gradient":""},"tablet":{"background-color":"var(--ast-global-color-5)","background-image":"","background-repeat":"repeat","background-position":"center center","background-size":"auto","background-attachment":"scroll","background-type":"","background-media":"","overlay-type":"","overlay-color":"","overlay-opacity":"","overlay-gradient":""},"mobile":{"background-color":"var(--ast-global-color-5)","background-image":"","background-repeat":"repeat","background-position":"center center","background-size":"auto","background-attachment":"scroll","background-type":"","background-media":"","overlay-type":"","overlay-color":"","overlay-opacity":"","overlay-gradient":""}},"footnotes":""},"class_list":["post-19","page","type-page","status-publish","hentry"],"_links":{"self":[{"href":"https:\/\/suomi.luma.fi\/sv\/wp-json\/wp\/v2\/pages\/19","targetHints":{"allow":["GET"]}}],"collection":[{"href":"https:\/\/suomi.luma.fi\/sv\/wp-json\/wp\/v2\/pages"}],"about":[{"href":"https:\/\/suomi.luma.fi\/sv\/wp-json\/wp\/v2\/types\/page"}],"author":[{"embeddable":true,"href":"https:\/\/suomi.luma.fi\/sv\/wp-json\/wp\/v2\/users\/1"}],"replies":[{"embeddable":true,"href":"https:\/\/suomi.luma.fi\/sv\/wp-json\/wp\/v2\/comments?post=19"}],"version-history":[{"count":1,"href":"https:\/\/suomi.luma.fi\/sv\/wp-json\/wp\/v2\/pages\/19\/revisions"}],"predecessor-version":[{"id":371,"href":"https:\/\/suomi.luma.fi\/sv\/wp-json\/wp\/v2\/pages\/19\/revisions\/371"}],"wp:attachment":[{"href":"https:\/\/suomi.luma.fi\/sv\/wp-json\/wp\/v2\/media?parent=19"}],"curies":[{"name":"wp","href":"https:\/\/api.w.org\/{rel}","templated":true}]}}