{"id":174,"date":"2019-06-05T09:03:27","date_gmt":"2019-06-05T07:03:27","guid":{"rendered":"https:\/\/suomi.luma.fi\/sv\/?page_id=174"},"modified":"2019-06-06T12:33:17","modified_gmt":"2019-06-06T10:33:17","slug":"i-djungeln-av-val","status":"publish","type":"page","link":"https:\/\/suomi.luma.fi\/sv\/projekt\/helhetsskapande-undervisning-i-naturvetenskaper-i-den-nya-laroplanens-anda\/i-djungeln-av-val\/","title":{"rendered":"I djungeln av val"},"content":{"rendered":"<h5>Presentation av inl\u00e4rningshelheten<\/h5>\n<p><strong>Utvecklare:<\/strong> Elina Mikkonen, Aino Jaakkola, Heta Kuhanen, Jenni Kiviharju, Anssi Tapanen, Santeri R\u00e4s\u00e4nen och Emilia Aintila<br \/>\n<strong>Redakt\u00f6rer:<\/strong> Petja H\u00e4m\u00e4l\u00e4inen och Sanni Pirttil\u00e4<br \/>\n<strong>Tema:<\/strong> De etiska, h\u00e4lsom\u00e4ssiga, ekonomiska och milj\u00f6m\u00e4ssiga konsekvenserna av vardagliga konsumtionsval. Kl\u00e4dernas tillverkningsl\u00e4nder och de anv\u00e4nda fibrernas egenskaper, milj\u00f6m\u00e4ssiga konsekvenser av framkomlighetsval samt de h\u00e4lso- och milj\u00f6m\u00e4ssiga effekterna av mat.<br \/>\n<strong>L\u00e4ro\u00e4mnen:<\/strong> geografi, biologi, kemi, fysik och h\u00e4lsokunskap<br \/>\n<strong>M\u00e5l:<\/strong> Grunderna f\u00f6r l\u00e4roplanen f\u00f6r den grundl\u00e4ggande utbildningen 2014, till de delar som \u00e4r till\u00e4mpliga p\u00e5 inl\u00e4rningshelheten.<a href=\"https:\/\/luma.uef.fi\/wp-content\/uploads\/sites\/11\/2018\/05\/Tavoitteet-Valintojen-viidakossa.pdf\"> M\u00e5l \u00bb<\/a><br \/>\n<strong>Tid:<\/strong> 6 x 45 min<br \/>\n<strong>Beskrivning:<\/strong> I helheten I djungeln av val n\u00e4rmar vi oss vardagliga konsumtionsval ur etiska, h\u00e4lsom\u00e4ssiga, ekonomiska och milj\u00f6m\u00e4ssiga synvinklar. Det centrala m\u00e5let f\u00f6r helheten \u00e4r att \u00f6ka elevernas f\u00f6rst\u00e5else f\u00f6r h\u00e5llbara konsumtionsval samt f\u00f6rdelarna och nackdelarna med dessa val.<br \/>\nI scenarioskedet av inl\u00e4rningen tittar eleverna p\u00e5 en video som beskriver tv\u00e5 personers dag och deras vardagliga val g\u00e4llande kl\u00e4dsel, mat och framkomlighet. Efter att de har tittat p\u00e5 videon reflekterar eleverna \u00f6ver sina egna dagliga val med hj\u00e4lp av ett utdelningsblad.<\/p>\n<p>I unders\u00f6knings- och studieskedet g\u00e5r eleverna runt i tre olika workshoppar. Dessa \u00e4r en kl\u00e4dworkshop, en trafikworkshop och en matworkshop. I kl\u00e4dworkshoppen behandlas kl\u00e4dernas tillverkningsl\u00e4nder och livscykel samt egenskaperna hos de material som anv\u00e4nds f\u00f6r kl\u00e4der. I trafikworkshoppen planerar eleverna en f\u00f6rest\u00e4lld klassutflykt med beaktande av kostnaderna, koldioxidutsl\u00e4ppen och restiden f\u00f6r de olika framkomlighetsvalen. I matworkshoppen unders\u00f6ker eleverna de h\u00e4lso- och milj\u00f6m\u00e4ssiga effekterna av olika livsmedel med hj\u00e4lp av till exempel surheten hos drycker och vattenavtrycket.<\/p>\n<p>I beslutsskedet \u00e5terg\u00e5r vi till scenarioskedets utdelningsblad. Utifr\u00e5n de kunskaper de har f\u00e5tt under dagens lopp funderar eleverna p\u00e5 huruvida de vill \u00e4ndra sina val. I scenarioskedet kompletteras den tankekarta som eleverna har gjort. Eleverna g\u00f6r parvis en antireklam om n\u00e5got av workshoppens teman genom att utnyttja vad de har l\u00e4rt sig under dagen.<\/p>\n<h5>Bilagor<\/h5>\n<p><strong>Scenariovideo<\/strong><\/p>\n<p><iframe loading=\"lazy\" width=\"560\" height=\"315\" src=\"https:\/\/www.youtube.com\/embed\/ef0Klrs24qg?rel=0\" frameborder=\"0\" allowfullscreen=\"\"><\/iframe><\/p>\n<p><strong>Utdelningsblad f\u00f6r scenarioskedet:<\/strong> <a href=\"https:\/\/suomi.luma.fi\/sv\/files\/2019\/05\/Scenarioskedet_val.pdf\"> pdf<\/a> | <a href=\"https:\/\/suomi.luma.fi\/sv\/files\/2019\/05\/Scenarioskedet_val.docx\">docx<\/a><\/p>\n<p><strong>Arbetsbeskrivning f\u00f6r l\u00e4rare:<\/strong> <a href=\"https:\/\/suomi.luma.fi\/sv\/files\/2019\/05\/Arbetsbeskrivning-f\u00f6r-l\u00e4rare.pdf\">pdf<\/a><\/p>\n<p><strong>Filer f\u00f6r kl\u00e4dwokshoppen:<\/strong><\/p>\n<ul>\n<li> <a href=\"https:\/\/suomi.luma.fi\/sv\/files\/2019\/05\/Kl\u00e4dworkshop-Kl\u00e4der-och-fiber.pptx\">Kl\u00e4dworkshoppen (PowerPoint)<\/a><\/li>\n<li> <a href=\"ttps:\/\/suomi.luma.fi\/sv\/files\/2019\/05\/Fiberkort.pptx\">Fiberkort<\/a><\/li>\n<li> <a href=\"https:\/\/suomi.luma.fi\/sv\/files\/2019\/05\/Kl\u00e4dworkshop-Fiber.pdf\">Identifieringstabell f\u00f6r fiber<\/a><\/li>\n<li> <a href=\"https:\/\/suomi.luma.fi\/sv\/files\/2019\/05\/Kl\u00e4dworkshop-Arbetsbeskrivning-f\u00f6r-br\u00e4nning.pdf\">Arbetsbeskrivning f\u00f6r br\u00e4nning<\/a><\/li>\n<li> <a href=\"https:\/\/suomi.luma.fi\/sv\/files\/2019\/05\/Kl\u00e4dworkshop-Arbetsbeskrivning-f\u00f6r-vattenuppsugningsf\u00f6rm\u00e5ga-och-statisk-elektricitet.pdf\">Arbetsbeskrivning f\u00f6r vattenuppsugningsf\u00f6rm\u00e5ga och statisk elektricitet<\/a><\/li>\n<\/ul>\n<p><strong>Filer f\u00f6r workshop om transport:<\/strong><\/p>\n<ul>\n<li> Arbetsblad f\u00f6r workshop om transport <a href=\"https:\/\/suomi.luma.fi\/sv\/files\/2019\/05\/Workshop-om-transport-arbetsblad.pdf\">pdf<\/a> | <a href=\"https:\/\/suomi.luma.fi\/sv\/files\/2019\/05\/Workshop-om-transport-arbetsblad.docx\">docx<\/a><\/li>\n<li> <a href=\"https:\/\/suomi.luma.fi\/sv\/files\/2019\/05\/Dagliga-val-transport.pptx\">PowerPoint f\u00f6r workshop om transport<\/a><\/li>\n<li> <a href=\"https:\/\/suomi.luma.fi\/sv\/files\/2019\/05\/Utdelningsblad-V\u00e4lja-fortskaffningsmedel.pdf\">Utdelningsblad om transportmedel<\/a><\/li>\n<li> <a href=\"https:\/\/suomi.luma.fi\/sv\/files\/2019\/05\/Reklamkort_fordon.pdf\">Reklamkort om transportmedel<\/a><\/li>\n<\/ul>\n<p><strong>Filer f\u00f6r matworkshoppen:<\/strong><\/p>\n<ul>\n<li> Arbetsblad f\u00f6r arbetsstationen pH i drycker och t\u00e4nderna <a href=\"https:\/\/suomi.luma.fi\/sv\/files\/2019\/05\/Arbetsblad-f\u00f6r-arbetsstationen-pH-i-drycker-och-t\u00e4nderna.pdf\">pdf<\/a> | <a href=\"https:\/\/suomi.luma.fi\/sv\/files\/2019\/05\/Arbetsblad-f\u00f6r-arbetsstationen-pH-i-drycker-och-t\u00e4nderna.docx\">docx<\/a><\/li>\n<li>  <a href=\"hhttps:\/\/suomi.luma.fi\/sv\/files\/2019\/05\/pH-i-drycker-och-t\u00e4nderna-.pdf\">Informationskort om pH i drycker och t\u00e4nderna<\/a><\/li>\n<li> Arbetsblad f\u00f6r unders\u00f6kning av livsmedelsf\u00f6rpackningar <a href=\"https:\/\/suomi.luma.fi\/sv\/files\/2019\/05\/Unders\u00f6k-livsmedelsf\u00f6rpackningar-.pdf\">pdf<\/a> | <a href=\"https:\/\/suomi.luma.fi\/sv\/files\/2019\/05\/Unders\u00f6k-livsmedelsf\u00f6rpackningar.docx\">docx<\/a><\/li>\n<li> Vatten\u00e5tg\u00e5ng vid matproduktion: arbetsblad och svarstabell <a href=\"https:\/\/suomi.luma.fi\/sv\/files\/2019\/05\/Vatten\u00e5tg\u00e5ng-vid-livsmedelsproduktion.pdf\">pdf<\/a> | <a href=\"https:\/\/suomi.luma.fi\/sv\/files\/2019\/05\/Vatten\u00e5tg\u00e5ng-vid-livsmedelsproduktion.docx\">docx<\/a><\/li>\n<li> <a href=\"https:\/\/suomi.luma.fi\/sv\/files\/2019\/05\/Produktbilder-av-livsmedel-.pdf\">Produktbilder av livsmedel<\/a><\/li>\n<\/ul>\n<p><a href=\"https:\/\/suomi.luma.fi\/sv\/files\/2019\/05\/Att-g\u00f6ra-beslut.pdf\">Stordior f\u00f6r beslutsskedet (pdf)<\/a><\/p>\n","protected":false},"excerpt":{"rendered":"<p>Presentation av inl\u00e4rningshelheten Utvecklare: Elina Mikkonen, Aino Jaakkola, Heta Kuhanen, Jenni Kiviharju, Anssi Tapanen, Santeri R\u00e4s\u00e4nen och Emilia Aintila Redakt\u00f6rer: Petja H\u00e4m\u00e4l\u00e4inen och Sanni Pirttil\u00e4 Tema: De etiska, h\u00e4lsom\u00e4ssiga, ekonomiska och milj\u00f6m\u00e4ssiga konsekvenserna av vardagliga konsumtionsval. Kl\u00e4dernas tillverkningsl\u00e4nder och de anv\u00e4nda fibrernas egenskaper, milj\u00f6m\u00e4ssiga konsekvenser av framkomlighetsval samt de h\u00e4lso- och milj\u00f6m\u00e4ssiga effekterna av mat. [&hellip;]<\/p>\n","protected":false},"author":1,"featured_media":0,"parent":172,"menu_order":0,"comment_status":"closed","ping_status":"closed","template":"","meta":{"site-sidebar-layout":"default","site-content-layout":"default","ast-site-content-layout":"default","site-content-style":"default","site-sidebar-style":"default","ast-global-header-display":"","ast-banner-title-visibility":"","ast-main-header-display":"","ast-hfb-above-header-display":"","ast-hfb-below-header-display":"","ast-hfb-mobile-header-display":"","site-post-title":"","ast-breadcrumbs-content":"","ast-featured-img":"","footer-sml-layout":"","theme-transparent-header-meta":"default","adv-header-id-meta":"","stick-header-meta":"","header-above-stick-meta":"","header-main-stick-meta":"","header-below-stick-meta":"","astra-migrate-meta-layouts":"default","ast-page-background-enabled":"default","ast-page-background-meta":{"desktop":{"background-color":"","background-image":"","background-repeat":"repeat","background-position":"center center","background-size":"auto","background-attachment":"scroll","background-type":"","background-media":"","overlay-type":"","overlay-color":"","overlay-opacity":"","overlay-gradient":""},"tablet":{"background-color":"","background-image":"","background-repeat":"repeat","background-position":"center center","background-size":"auto","background-attachment":"scroll","background-type":"","background-media":"","overlay-type":"","overlay-color":"","overlay-opacity":"","overlay-gradient":""},"mobile":{"background-color":"","background-image":"","background-repeat":"repeat","background-position":"center center","background-size":"auto","background-attachment":"scroll","background-type":"","background-media":"","overlay-type":"","overlay-color":"","overlay-opacity":"","overlay-gradient":""}},"ast-content-background-meta":{"desktop":{"background-color":"var(--ast-global-color-5)","background-image":"","background-repeat":"repeat","background-position":"center center","background-size":"auto","background-attachment":"scroll","background-type":"","background-media":"","overlay-type":"","overlay-color":"","overlay-opacity":"","overlay-gradient":""},"tablet":{"background-color":"var(--ast-global-color-5)","background-image":"","background-repeat":"repeat","background-position":"center center","background-size":"auto","background-attachment":"scroll","background-type":"","background-media":"","overlay-type":"","overlay-color":"","overlay-opacity":"","overlay-gradient":""},"mobile":{"background-color":"var(--ast-global-color-5)","background-image":"","background-repeat":"repeat","background-position":"center center","background-size":"auto","background-attachment":"scroll","background-type":"","background-media":"","overlay-type":"","overlay-color":"","overlay-opacity":"","overlay-gradient":""}},"footnotes":""},"class_list":["post-174","page","type-page","status-publish","hentry"],"_links":{"self":[{"href":"https:\/\/suomi.luma.fi\/sv\/wp-json\/wp\/v2\/pages\/174","targetHints":{"allow":["GET"]}}],"collection":[{"href":"https:\/\/suomi.luma.fi\/sv\/wp-json\/wp\/v2\/pages"}],"about":[{"href":"https:\/\/suomi.luma.fi\/sv\/wp-json\/wp\/v2\/types\/page"}],"author":[{"embeddable":true,"href":"https:\/\/suomi.luma.fi\/sv\/wp-json\/wp\/v2\/users\/1"}],"replies":[{"embeddable":true,"href":"https:\/\/suomi.luma.fi\/sv\/wp-json\/wp\/v2\/comments?post=174"}],"version-history":[{"count":11,"href":"https:\/\/suomi.luma.fi\/sv\/wp-json\/wp\/v2\/pages\/174\/revisions"}],"predecessor-version":[{"id":211,"href":"https:\/\/suomi.luma.fi\/sv\/wp-json\/wp\/v2\/pages\/174\/revisions\/211"}],"up":[{"embeddable":true,"href":"https:\/\/suomi.luma.fi\/sv\/wp-json\/wp\/v2\/pages\/172"}],"wp:attachment":[{"href":"https:\/\/suomi.luma.fi\/sv\/wp-json\/wp\/v2\/media?parent=174"}],"curies":[{"name":"wp","href":"https:\/\/api.w.org\/{rel}","templated":true}]}}